{"id":8229,"date":"2018-05-14T19:42:54","date_gmt":"2018-05-14T19:42:54","guid":{"rendered":"https:\/\/www.meliefanimalsanctuary.org\/?page_id=8229"},"modified":"2018-05-20T12:18:03","modified_gmt":"2018-05-20T12:18:03","slug":"sponsoren-2","status":"publish","type":"page","link":"https:\/\/www.meliefanimalsanctuary.org\/de\/ueber-gnadenhof-melief-e-v\/sponsoren-2\/","title":{"rendered":"Sponsoren"},"content":{"rendered":"<div class=\"wpb-content-wrapper\"><div class=\"vc_row wpb_row vc_row-fluid vc_custom_1506989533323 vc_row-has-fill\"><div class=\"wpb_column vc_column_container vc_col-sm-12\"><div class=\"vc_column-inner\"><div class=\"wpb_wrapper\"><h1 style=\"color: #ffffff;text-align: center;font-family:Abril Fatface;font-weight:400;font-style:normal\" class=\"vc_custom_heading vc_do_custom_heading white-text wpb_animate_when_almost_visible wpb_fadeIn fadeIn vc_custom_1506989566376\" >Sponsoren<\/h1><\/div><\/div><\/div><\/div><div class=\"vc_row wpb_row vc_row-fluid z-index-ontop vc_custom_1506989491837 vc_row-o-equal-height vc_row-flex\"><div class=\"wpb_column vc_column_container vc_col-sm-2\"><div class=\"vc_column-inner\"><div class=\"wpb_wrapper\"><\/div><\/div><\/div><div class=\"z-depth-3 z-index-ontop wpb_animate_when_almost_visible wpb_fadeIn fadeIn wpb_column vc_column_container vc_col-sm-8 vc_col-has-fill\"><div class=\"vc_column-inner vc_custom_1497754372669\"><div class=\"wpb_wrapper\">\n\t<div class=\"wpb_text_column wpb_content_element\" >\n\t\t<div class=\"wpb_wrapper\">\n\t\t\t<p>Auf dieser Seite finden Sie Informationen \u00fcber unsere Firmensponsoren.<\/p>\n<p>Wir suchen jederzeit weitere Sponsoren f\u00fcr unsere Arbeit. Das ist zum Beispiel m\u00f6glich durch finanzielle Unterst\u00fctzung f\u00fcr eine Gruppe von Tieren oder ein Projekt, oder durch das Sponsern von Produkten, die wir st\u00e4ndig brauchen. Unsere Sponsoren bekommen attraktive Gegenleistungen!<\/p>\n<p>Sind Sie interessiert, Sponsor zu werden, oder kennen Sie eine Firma, die wir m\u00f6glicherweise kontaktieren k\u00f6nnen? Senden Sie uns <a href=\"https:\/\/www.meliefanimalsanctuary.org\/de\/ueber-gnadenhof-melief-e-v\/kontakt\/\">hier<\/a> eine Nachricht!<\/p>\n\n\t\t<\/div>\n\t<\/div>\n<\/div><\/div><\/div><div class=\"wpb_column vc_column_container vc_col-sm-2\"><div class=\"vc_column-inner\"><div class=\"wpb_wrapper\"><\/div><\/div><\/div><\/div>\n<\/div>","protected":false},"excerpt":{"rendered":"Sponsoren Auf dieser Seite finden Sie Informationen \u00fcber unsere Firmensponsoren. Wir suchen jederzeit weitere Sponsoren f\u00fcr unsere Arbeit. Das ist zum Beispiel m\u00f6glich durch finanzielle Unterst\u00fctzung f\u00fcr eine Gruppe von Tieren oder ein Projekt, oder durch das Sponsern von Produkten, die wir st\u00e4ndig brauchen. Unsere Sponsoren bekommen attraktive Gegenleistungen! Sind Sie interessiert, Sponsor zu werden, [...]","protected":false},"author":4,"featured_media":0,"parent":6420,"menu_order":0,"comment_status":"closed","ping_status":"closed","template":"","meta":{"wpupg_custom_link":[],"wpupg_custom_link_behaviour":["default"],"wpupg_custom_link_nofollow":[],"wpupg_custom_image":[],"wpupg_custom_image_id":[],"footnotes":""},"class_list":["post-8229","page","type-page","status-publish","hentry"],"_links":{"self":[{"href":"https:\/\/www.meliefanimalsanctuary.org\/de\/wp-json\/wp\/v2\/pages\/8229"}],"collection":[{"href":"https:\/\/www.meliefanimalsanctuary.org\/de\/wp-json\/wp\/v2\/pages"}],"about":[{"href":"https:\/\/www.meliefanimalsanctuary.org\/de\/wp-json\/wp\/v2\/types\/page"}],"author":[{"embeddable":true,"href":"https:\/\/www.meliefanimalsanctuary.org\/de\/wp-json\/wp\/v2\/users\/4"}],"replies":[{"embeddable":true,"href":"https:\/\/www.meliefanimalsanctuary.org\/de\/wp-json\/wp\/v2\/comments?post=8229"}],"version-history":[{"count":0,"href":"https:\/\/www.meliefanimalsanctuary.org\/de\/wp-json\/wp\/v2\/pages\/8229\/revisions"}],"up":[{"embeddable":true,"href":"https:\/\/www.meliefanimalsanctuary.org\/de\/wp-json\/wp\/v2\/pages\/6420"}],"wp:attachment":[{"href":"https:\/\/www.meliefanimalsanctuary.org\/de\/wp-json\/wp\/v2\/media?parent=8229"}],"curies":[{"name":"wp","href":"https:\/\/api.w.org\/{rel}","templated":true}]}}