{"id":6422,"date":"2017-10-19T01:50:33","date_gmt":"2017-10-19T01:50:33","guid":{"rendered":"https:\/\/melief.treehugger.nl\/?page_id=6422"},"modified":"2021-11-07T20:38:48","modified_gmt":"2021-11-07T20:38:48","slug":"sie-uns-unterstuetzen-koennen","status":"publish","type":"page","link":"https:\/\/www.meliefanimalsanctuary.org\/de\/sie-uns-unterstuetzen-koennen\/","title":{"rendered":"Wie Sie uns unterst\u00fctzen k\u00f6nnen"},"content":{"rendered":"<div class=\"wpb-content-wrapper\"><div class=\"vc_row wpb_row vc_row-fluid vc_custom_1506989533323 vc_row-has-fill\"><div class=\"wpb_column vc_column_container vc_col-sm-12\"><div class=\"vc_column-inner\"><div class=\"wpb_wrapper\"><h1 style=\"color: #ffffff;text-align: center;font-family:Abril Fatface;font-weight:400;font-style:normal\" class=\"vc_custom_heading vc_do_custom_heading white-text wpb_animate_when_almost_visible wpb_fadeIn fadeIn vc_custom_1506989566376\" >Wie Sie uns unterst\u00fctzen k\u00f6nnen<\/h1><\/div><\/div><\/div><\/div><div class=\"vc_row wpb_row vc_row-fluid z-index-ontop vc_custom_1506989491837 vc_row-o-equal-height vc_row-flex\"><div class=\"wpb_column vc_column_container vc_col-sm-2\"><div class=\"vc_column-inner\"><div class=\"wpb_wrapper\"><\/div><\/div><\/div><div class=\"z-depth-3 z-index-ontop wpb_animate_when_almost_visible wpb_fadeIn fadeIn wpb_column vc_column_container vc_col-sm-8 vc_col-has-fill\"><div class=\"vc_column-inner vc_custom_1497754372669\"><div class=\"wpb_wrapper\">\n\t<div class=\"wpb_text_column wpb_content_element\" >\n\t\t<div class=\"wpb_wrapper\">\n\t\t\t<p style=\"margin-bottom: .0001pt; background: white;\"><span style=\"font-family: 'Segoe UI',sans-serif; color: black; background: #F1F0F0;\">M\u00f6chten Sie den Gnadenhof Melief unterst\u00fctzen? Das k\u00f6nnen Sie auf verschiedene Weise: <\/span><\/p>\n<p style=\"margin-bottom: .0001pt; background: white;\"><a href=\"https:\/\/www.meliefanimalsanctuary.org\/de\/sie-uns-unterstuetzen-koennen\/werde-ein-spender\/\"><span style=\"font-family: 'Segoe UI',sans-serif; color: black; background: #F1F0F0;\">&#8211; Unterst\u00fctzen Sie uns durch eine Spende <\/span><\/a><\/p>\n<p style=\"margin-bottom: .0001pt; background: white;\"><a href=\"https:\/\/www.meliefanimalsanctuary.org\/de\/patenschaften\/funktioniert-eine-patenschaft\/\"><span style=\"font-family: 'Segoe UI',sans-serif; color: black; background: #F1F0F0;\">&#8211; \u00dcbernehmen Sie die Patenschaft f\u00fcr eins oder mehrere unserer Tiere <\/span><\/a><\/p>\n<p style=\"margin-bottom: .0001pt; background: white;\"><a href=\"https:\/\/www.meliefanimalsanctuary.org\/de\/ueber-gnadenhof-melief-e-v\/sponsoren-2\/\"><span style=\"font-family: 'Segoe UI',sans-serif; color: black; background: #F1F0F0;\">&#8211; Werden Sie Sponsor <\/span><\/a><\/p>\n<p style=\"margin-bottom: .0001pt; background: white;\"><span style=\"font-family: 'Segoe UI',sans-serif; color: black; background: #F1F0F0;\">Haben Sie andere Ideen, wie Sie uns helfen k\u00f6nnen? Klicken Sie <a href=\"https:\/\/www.meliefanimalsanctuary.org\/de\/ueber-gnadenhof-melief-e-v\/kontakt\/\">hier<\/a> um uns eine Nachricht zu senden!<\/span><\/p>\n\n\t\t<\/div>\n\t<\/div>\n<\/div><\/div><\/div><div class=\"wpb_column vc_column_container vc_col-sm-2\"><div class=\"vc_column-inner\"><div class=\"wpb_wrapper\"><\/div><\/div><\/div><\/div>\n<\/div>","protected":false},"excerpt":{"rendered":"Wie Sie uns unterst\u00fctzen k\u00f6nnen M\u00f6chten Sie den Gnadenhof Melief unterst\u00fctzen? Das k\u00f6nnen Sie auf verschiedene Weise: - Unterst\u00fctzen Sie uns durch eine Spende - \u00dcbernehmen Sie die Patenschaft f\u00fcr eins oder mehrere unserer Tiere - Werden Sie Sponsor Haben Sie andere Ideen, wie Sie uns helfen k\u00f6nnen? Klicken Sie hier um uns eine Nachricht [...]","protected":false},"author":1,"featured_media":0,"parent":0,"menu_order":0,"comment_status":"closed","ping_status":"closed","template":"","meta":{"wpupg_custom_link":[],"wpupg_custom_link_behaviour":["default"],"wpupg_custom_link_nofollow":[],"wpupg_custom_image":[],"wpupg_custom_image_id":[],"footnotes":""},"class_list":["post-6422","page","type-page","status-publish","hentry"],"_links":{"self":[{"href":"https:\/\/www.meliefanimalsanctuary.org\/de\/wp-json\/wp\/v2\/pages\/6422"}],"collection":[{"href":"https:\/\/www.meliefanimalsanctuary.org\/de\/wp-json\/wp\/v2\/pages"}],"about":[{"href":"https:\/\/www.meliefanimalsanctuary.org\/de\/wp-json\/wp\/v2\/types\/page"}],"author":[{"embeddable":true,"href":"https:\/\/www.meliefanimalsanctuary.org\/de\/wp-json\/wp\/v2\/users\/1"}],"replies":[{"embeddable":true,"href":"https:\/\/www.meliefanimalsanctuary.org\/de\/wp-json\/wp\/v2\/comments?post=6422"}],"version-history":[{"count":0,"href":"https:\/\/www.meliefanimalsanctuary.org\/de\/wp-json\/wp\/v2\/pages\/6422\/revisions"}],"wp:attachment":[{"href":"https:\/\/www.meliefanimalsanctuary.org\/de\/wp-json\/wp\/v2\/media?parent=6422"}],"curies":[{"name":"wp","href":"https:\/\/api.w.org\/{rel}","templated":true}]}}