{"id":6420,"date":"2017-10-19T01:47:32","date_gmt":"2017-10-19T01:47:32","guid":{"rendered":"https:\/\/melief.treehugger.nl\/?page_id=6420"},"modified":"2018-05-20T11:57:14","modified_gmt":"2018-05-20T11:57:14","slug":"ueber-gnadenhof-melief-e-v","status":"publish","type":"page","link":"https:\/\/www.meliefanimalsanctuary.org\/de\/ueber-gnadenhof-melief-e-v\/","title":{"rendered":"\u00dcber Gnadenhof Melief e.V."},"content":{"rendered":"<div class=\"wpb-content-wrapper\"><div data-vc-full-width=\"true\" data-vc-full-width-init=\"false\" data-vc-parallax=\"1.5\" data-vc-parallax-image=\"https:\/\/www.meliefanimalsanctuary.org\/wp-content\/uploads\/2017\/03\/header2.jpg\" class=\"vc_row wpb_row vc_row-fluid vc_custom_1506991428212 vc_row-has-fill vc_row-o-content-middle vc_row-flex vc_general vc_parallax vc_parallax-content-moving\"><div class=\"wpb_column vc_column_container vc_col-sm-6\"><div class=\"vc_column-inner\"><div class=\"wpb_wrapper\"><h1 style=\"color: #ffffff;text-align: left;font-family:Abril Fatface;font-weight:400;font-style:normal\" class=\"vc_custom_heading vc_do_custom_heading white-text wpb_animate_when_almost_visible wpb_fadeIn fadeIn vc_custom_1506988978750\" >\u00dcber Gnadenhof Melief e.V.<\/h1><\/div><\/div><\/div><div class=\"wpb_column vc_column_container vc_col-sm-6\"><div class=\"vc_column-inner\"><div class=\"wpb_wrapper\"><\/div><\/div><\/div><\/div><div class=\"vc_row-full-width vc_clearfix\"><\/div><div class=\"vc_row wpb_row vc_row-fluid vc_custom_1506991282955 vc_row-o-equal-height vc_row-flex\"><div class=\"wpb_column vc_column_container vc_col-sm-2\"><div class=\"vc_column-inner vc_custom_1497802320528\"><div class=\"wpb_wrapper\"><\/div><\/div><\/div><div class=\"wpb_column vc_column_container vc_col-sm-8 vc_col-has-fill\"><div class=\"vc_column-inner vc_custom_1497802591719\"><div class=\"wpb_wrapper\"><div class=\"vc_row wpb_row vc_inner vc_row-fluid z-depth-3 z-index-ontop vc_custom_1497802459723\"><div class=\"wpb_column vc_column_container vc_col-sm-12 vc_col-has-fill\"><div class=\"vc_column-inner vc_custom_1497802676479\"><div class=\"wpb_wrapper\">\n\t<div class=\"wpb_text_column wpb_content_element\" >\n\t\t<div class=\"wpb_wrapper\">\n\t\t\t<p>Im Juni 2003 haben Marc Winters und Lothar Vermeulen, nach vielen Jahren mit immer einer immer st\u00e4rker wachsenden Anzahl zu pflegender Tiere, die Stiftung Melief in Rockanje, an der K\u00fcste bei Rotterdam, gegr\u00fcndet.<\/p>\n<p>Melief war eine Ziege, die sich trotz ihres sehr verwahrlosten Zustandes, in dem sie auch noch zwei Junge zur Welt brachte, sehr schnell wieder erholte und zu alter St\u00e4rke und Kraft zur\u00fcck fand. Sie ist ein sch\u00f6nes Symbol daf\u00fcr, wof\u00fcr sich die Stiftung Melief stark macht. Nach einem sch\u00f6nen Leben bei Melief, zusammen mit ihren Kindern, ist sie umringt von Liebe und F\u00fcrsorge viele Jahre sp\u00e4ter gestorben.<\/p>\n<p>Die Stiftung hat zum Ziel, verwahrlosten, misshandelten oder mit dem Tod bedrohten Tieren ein sch\u00f6nes und dauerhaftes zu Hause zu bieten. Sie k\u00f6nnen auf dem Gnadenhof Melief in aller Ruhe alt werden. Tiere, die keine Chance haben in einem Tierheim unterzukommen, oder Tiere, die mit Sicherheit nie wieder aus einem Tierheim herauskommen, haben dank Stichting Melief die Sicherheit eines unbek\u00fcmmerten Lebens.<\/p>\n<p>Inzwischen gibt es in unserem Auffang nicht nur eine gro\u00dfe Anzahl, sondern auch eine gro\u00dfe Vielfalt an Tieren. Hunde, Katzen, Kaninchen, Meerschweinchen, H\u00fchner, die meisten davon H\u00e4hne, aber auch Enten, G\u00e4nse, Schw\u00e4ne, Ziegen, Schafe, Rinder, H\u00e4ngebauchschweine und Schweine, Ponys, Esel, Volierenv\u00f6gel und Tauben. Alle haben ihre eigene, meist sehr traurige Geschichte. Oft erholen sie sich wieder, aber regelm\u00e4\u00dfig haben wir auch Tiere, die in ihrem vorherigen Leben so verwahrlost waren, dass sie sich von diesem Zustand nicht mehr richtig erholen k\u00f6nnen. Verschleppte Krankheiten k\u00f6nnen n\u00e4mlich einen gro\u00dfen Schaden anrichten. Doch mit pers\u00f6nlicher Betreuung und der notwendigen medizinischen Versorgung erholen sich die Tiere oft wieder, und ihr Gesundheitszustand verbessert sich.<\/p>\n<p>Die Stiftung bekam im September 2005 die Nachricht, dass das damalige Gel\u00e4nde der Stiftung in den Niederlanden geschlossen werden sollte, da es f\u00fcr eine andere Verwendung vorgesehen war. Angesichts der finanziellen Lage war es unm\u00f6glich, in den Niederlanden ein anderes Gel\u00e4nde zu finden; so beschloss man, das Abenteuer einzugehen, einen gro\u00dfen Bauernhof mit St\u00e4llen und Land im deutschen S\u00f6gel zu erwerben. Im Oktober 2006 kauften die Gr\u00fcnder dieses Gel\u00e4nde aus privaten Mitteln, um die Zukunft der Tiere sicher zu stellen. Die Versorgung der Tiere konnte danach finanziert werden, aber ein Verm\u00f6gen gibt es nicht. Der Bauernhof mit insgesamt fast 4 Hektar Grund hatte bereits zwei Jahre lang leer gestanden und hatte davor jahrelang zur Zucht von Schweinen und Stieren gedient. Mit einer kleinen Gruppe freiwilliger Helfer wurde damals hart daran gearbeitet, die St\u00e4lle f\u00fcr unsere damals noch 500 Tiere bewohnbar zu machen. Und so wurde aus einem Ort, an dem einst viel Tierleid verursacht wurde, ein Paradies f\u00fcr Tiere.<\/p>\n<p>Auf dem Schild an der Stra\u00dfe steht: Gnadenhof Melief. Dieses Schild zeigt an, da\u00df der Bauernhof ein Gnadenbauernhof f\u00fcr Tiere ist.<\/p>\n<p>Um den Auffang f\u00fcr unsere inzwischen ca. 1.250 Tiere zu verbessern, wurden in den letzten Jahren viele Projekte realisiert. Das Dach der St\u00e4lle, die an das Wohnhaus grenzen, wurde erneuert; wir haben Quarant\u00e4nest\u00e4lle gebaut, ein Brunnen wurde gebohrt, um die hohen Wasserkosten zu dr\u00fccken und an vielen Stellen Wasserh\u00e4hne installieren zu k\u00f6nnen. Dadurch wird viel Wassertragen vermieden, und die Arbeit kann schneller und einfacher erledigt werden. Au\u00dferdem wurde die Isolierung verbessert, es wurden neue Kabel installiert und ein Misthaufen errichtet. In den letzten 3 Jahren wurden zwei weitere gro\u00dfe Projekte realisiert, n\u00e4mlich ein kompletter Umbau des Katzenhauses mit einer dazugeh\u00f6renden Quarant\u00e4nestation und Waschk\u00fcche, sowie eine v\u00f6llig neue Voliere.<\/p>\n<p>Aber in einer Auffangstation wie Melief m\u00fcssen immer wieder nicht nur Wartungsarbeiten, sondern auch Erneuerungen und Verbesserungen realisiert werden, um unseren Tieren ein optimales Leben zu bieten und damit gleichzeitig die Arbeit, die wir f\u00fcr so viele verschiedene Tiere leisten, einfacher zu machen.<\/p>\n<p>Einige der Projekte, die noch auf der Warteliste stehen, sind der Bodenbelag auf den Wegen im Hof, die Erneuerung des Taubenschlags, und als allererstes die vollst\u00e4ndige Renovierung des Wasservogelteiches, die sehr dringend notwendig, aber leider auch sehr kostspielig ist. So versucht die Stiftung Schritt f\u00fcr Schritt, die Arbeits- und Lebensbedingungen f\u00fcr alle zu verbessern.<\/p>\n<p>Die Organisation der Stiftung und das Tagesgesch\u00e4ft werden noch immer durch dieselben beiden Personen getragen: Lothar Vermeulen und Marc Winters. Beide tun dies in mehr als Vollzeit. Seit einigen Jahren werden sie bei den t\u00e4glichen Arbeiten unterst\u00fctzt durch einen Teilzeit-Tierpfleger und zwei Tierpfleger in Ausbildung, die ihr Praktikum im Gnadenhof ableisten. Sowohl Lothar als auch Marc haben hierf\u00fcr die notwendigen Ausbilderdiplome erworben. Das war notwendig, weil in Deutschland sehr schwierig freiwillige Helfer gefunden werden konnten. Zum Gl\u00fcck gibt es noch eine Gruppe niederl\u00e4ndische freiwillige Helfer, die von Zeit zu Zeit anreist, um handwerkliche Arbeiten durchzuf\u00fchren und damit die Wartungskosten gering zu halten. Au\u00dferdem gibt es einzelne gro\u00dfe Tierfreunde, die periodisch f\u00fcr einige Tage die Leitung des Hofes \u00fcbernehmen k\u00f6nnen und wollen, so dass Marc und Lothar auch einmal verreisen k\u00f6nnen. Diese Tierfreunde sind von Marc und Lothar angeleitet, denn die Leitung eines solch gro\u00dfen Gnadenhofes ist nat\u00fcrlich mit viel Verantwortung verbunden.<\/p>\n<p>Au\u00dfer Marc und Lothar gibt es noch f\u00fcnf weitere Leitungsmitglieder, die au\u00dfer Fragen der Leitung auch t\u00e4gliche Arbeiten verrichten, wie zum Beispiel Kommunikation und Spendenwerbung (worunter auch die Repr\u00e4sentation von Melief auf B\u00f6rsen und anderen Veranstaltungen z\u00e4hlt), der Unterhalt der Website und der sozialen Medien, die finanzielle Verwaltung und die Spenderadministration. Dies geschieht alles auf freiwilliger Basis, ohne jegliche finanzielle Verg\u00fctung.<\/p>\n\n\t\t<\/div>\n\t<\/div>\n<\/div><\/div><\/div><\/div><\/div><\/div><\/div><div class=\"wpb_column vc_column_container vc_col-sm-2\"><div class=\"vc_column-inner\"><div class=\"wpb_wrapper\"><\/div><\/div><\/div><\/div>\n<\/div>","protected":false},"excerpt":{"rendered":"\u00dcber Gnadenhof Melief e.V. Im Juni 2003 haben Marc Winters und Lothar Vermeulen, nach vielen Jahren mit immer einer immer st\u00e4rker wachsenden Anzahl zu pflegender Tiere, die Stiftung Melief in Rockanje, an der K\u00fcste bei Rotterdam, gegr\u00fcndet. Melief war eine Ziege, die sich trotz ihres sehr verwahrlosten Zustandes, in dem sie auch noch zwei Junge [...]","protected":false},"author":1,"featured_media":0,"parent":0,"menu_order":0,"comment_status":"closed","ping_status":"closed","template":"","meta":{"wpupg_custom_link":[],"wpupg_custom_link_behaviour":["default"],"wpupg_custom_link_nofollow":[],"wpupg_custom_image":[],"wpupg_custom_image_id":[],"footnotes":""},"class_list":["post-6420","page","type-page","status-publish","hentry"],"_links":{"self":[{"href":"https:\/\/www.meliefanimalsanctuary.org\/de\/wp-json\/wp\/v2\/pages\/6420"}],"collection":[{"href":"https:\/\/www.meliefanimalsanctuary.org\/de\/wp-json\/wp\/v2\/pages"}],"about":[{"href":"https:\/\/www.meliefanimalsanctuary.org\/de\/wp-json\/wp\/v2\/types\/page"}],"author":[{"embeddable":true,"href":"https:\/\/www.meliefanimalsanctuary.org\/de\/wp-json\/wp\/v2\/users\/1"}],"replies":[{"embeddable":true,"href":"https:\/\/www.meliefanimalsanctuary.org\/de\/wp-json\/wp\/v2\/comments?post=6420"}],"version-history":[{"count":0,"href":"https:\/\/www.meliefanimalsanctuary.org\/de\/wp-json\/wp\/v2\/pages\/6420\/revisions"}],"wp:attachment":[{"href":"https:\/\/www.meliefanimalsanctuary.org\/de\/wp-json\/wp\/v2\/media?parent=6420"}],"curies":[{"name":"wp","href":"https:\/\/api.w.org\/{rel}","templated":true}]}}