{"id":2712,"date":"2017-09-09T22:00:29","date_gmt":"2017-09-09T22:00:29","guid":{"rendered":"https:\/\/melief.treehugger.nl\/?page_id=2712"},"modified":"2023-07-23T19:06:46","modified_gmt":"2023-07-23T19:06:46","slug":"funktioniert-eine-patenschaft","status":"publish","type":"page","link":"https:\/\/www.meliefanimalsanctuary.org\/de\/patenschaften\/funktioniert-eine-patenschaft\/","title":{"rendered":"Wie funktioniert eine Patenschaft?"},"content":{"rendered":"<div class=\"wpb-content-wrapper\"><section data-vc-parallax=\"2\" data-vc-parallax-o-fade=\"on\" data-vc-parallax-image=\"https:\/\/www.meliefanimalsanctuary.org\/wp-content\/uploads\/2017\/06\/IMG_0293.jpg\" class=\"vc_section vc_section-has-fill vc_section-o-content-bottom vc_section-flex vc_general vc_parallax vc_parallax-content-moving-fade js-vc_parallax-o-fade\"><div class=\"vc_row wpb_row vc_row-fluid vc_custom_1497750871128\"><div class=\"wpb_column vc_column_container vc_col-sm-6\"><div class=\"vc_column-inner\"><div class=\"wpb_wrapper\"><h1 style=\"color: #ffffff;text-align: left;font-family:Abril Fatface;font-weight:400;font-style:normal\" class=\"vc_custom_heading vc_do_custom_heading white-text wpb_animate_when_almost_visible wpb_fadeIn fadeIn vc_custom_1497750769303\" >Wie funktioniert eine Patenschaft?<\/h1><\/div><\/div><\/div><div class=\"wpb_column vc_column_container vc_col-sm-6\"><div class=\"vc_column-inner\"><div class=\"wpb_wrapper\"><\/div><\/div><\/div><\/div><\/section><div class=\"vc_row wpb_row vc_row-fluid vc_custom_1497802516828 vc_row-o-equal-height vc_row-flex\"><div class=\"wpb_column vc_column_container vc_col-sm-2\"><div class=\"vc_column-inner vc_custom_1497802320528\"><div class=\"wpb_wrapper\"><\/div><\/div><\/div><div class=\"wpb_column vc_column_container vc_col-sm-8 vc_col-has-fill\"><div class=\"vc_column-inner vc_custom_1497802591719\"><div class=\"wpb_wrapper\"><div class=\"vc_row wpb_row vc_inner vc_row-fluid z-depth-3 z-index-ontop vc_custom_1497802459723\"><div class=\"wpb_column vc_column_container vc_col-sm-12 vc_col-has-fill\"><div class=\"vc_column-inner vc_custom_1497802676479\"><div class=\"wpb_wrapper\">\n\t<div class=\"wpb_text_column wpb_content_element vc_custom_1504994167637\" >\n\t\t<div class=\"wpb_wrapper\">\n\t\t\t<p>Wie funktioniert eine Patenschaft<\/p>\n\n\t\t<\/div>\n\t<\/div>\n<div class=\"vc_separator wpb_content_element vc_separator_align_center vc_sep_width_100 vc_sep_dotted vc_sep_pos_align_center vc_separator_no_text vc_sep_color_grey wpb_content_element  wpb_content_element\" ><span class=\"vc_sep_holder vc_sep_holder_l\"><span class=\"vc_sep_line\"><\/span><\/span><span class=\"vc_sep_holder vc_sep_holder_r\"><span class=\"vc_sep_line\"><\/span><\/span>\n<\/div>\n\t<div class=\"wpb_text_column wpb_content_element vc_custom_1690139186324\" >\n\t\t<div class=\"wpb_wrapper\">\n\t\t\t<p>Unter &#8220;<a href=\"https:\/\/www.meliefanimalsanctuary.org\/de\/patenschaften\/\">Patenschaften<\/a>&#8221; finden Sie eine Auswahl an Tieren, die bei Melief leben und versorgt werden. Jedes Tier hat seine eigene, oft nicht so sch\u00f6ne Geschichte. Diese Geschichten k\u00f6nnen Sie hier lesen.<\/p>\n<p>Sie k\u00f6nnen diese Tiere mit einer Patenschaft unterst\u00fctzen. Der Adoptionsbetrag f\u00fcr ein kleines Tier betr\u00e4gt 7,50 Euro pro Monat und f\u00fcr ein gro\u00dfes Tier 15,00 Euro. Sie werden verstehen, dass wir f\u00fcr diese Betr\u00e4ge kein Tier vollst\u00e4ndig unterhalten k\u00f6nnen, sondern das es nur symbolische Betr\u00e4ge sind. Tiere, die nicht adoptiert werden, bekommen nat\u00fcrlich auch ihr Futter und ihre medizinische Versorgung. Es gibt auch alte Tiere f\u00fcr die nat\u00fcrlich mehr Tierarztkosten aufgewendet werden m\u00fcssen. Es ist also durchaus m\u00f6glich, dass ein Tier durch mehrere Paten unterst\u00fctzt wird.<\/p>\n<p>Sie k\u00f6nnen eins oder mehrere Tiere auf dieser Seite ausw\u00e4hlen um sie finanziell zu unterst\u00fctzen. Ist ihr Lieblingstier nicht dabei? <a href=\"https:\/\/www.meliefanimalsanctuary.org\/de\/ueber-gnadenhof-melief-e-v\/kontakt\/\">Klicken Sie hier<\/a>, um uns eine Nachricht zu senden!<\/p>\n<ul>\n<li>Regeln Sie das direkt auf der Seite &#8220;Die Tiere&#8221;. Klicken Sie auf das gr\u00fcne Pluszeichen auf dem Foto, um das Tier zu ihrer Liste hinzu zu f\u00fcgen. Unten links sehen Sie, welche Tiere sie bereits zugef\u00fcgt haben. Klicken Sie danach auf &#8220;Patenschaft \u00fcbernehmen&#8221;, um den Prozess abzuschlie\u00dfen.<\/li>\n<\/ul>\n<p>Danach erhalten Sie ein Patenschaftszertifikat mit dem Foto Ihres Tieres\/ Ihrer Tiere per Post. Ist Ihre Patenschaft ein Geschenk? Wenn Sie m\u00f6chten, k\u00f6nnen Sie auch eine Textzeile hinzuf\u00fcgen, die wir auf das Patenschaftszertifikat drucken.<\/p>\n\n\t\t<\/div>\n\t<\/div>\n<\/div><\/div><\/div><\/div><\/div><\/div><\/div><div class=\"wpb_column vc_column_container vc_col-sm-2\"><div class=\"vc_column-inner\"><div class=\"wpb_wrapper\"><\/div><\/div><\/div><\/div>\n<\/div>","protected":false},"excerpt":{"rendered":"Wie funktioniert eine Patenschaft? Wie funktioniert eine Patenschaft Unter \"Patenschaften\" finden Sie eine Auswahl an Tieren, die bei Melief leben und versorgt werden. Jedes Tier hat seine eigene, oft nicht so sch\u00f6ne Geschichte. Diese Geschichten k\u00f6nnen Sie hier lesen. Sie k\u00f6nnen diese Tiere mit einer Patenschaft unterst\u00fctzen. Der Adoptionsbetrag f\u00fcr ein kleines Tier betr\u00e4gt 7,50 [...]","protected":false},"author":1,"featured_media":0,"parent":2710,"menu_order":0,"comment_status":"closed","ping_status":"closed","template":"","meta":{"wpupg_custom_link":[],"wpupg_custom_link_behaviour":["default"],"wpupg_custom_link_nofollow":[],"wpupg_custom_image":[],"wpupg_custom_image_id":[],"footnotes":""},"class_list":["post-2712","page","type-page","status-publish","hentry"],"_links":{"self":[{"href":"https:\/\/www.meliefanimalsanctuary.org\/de\/wp-json\/wp\/v2\/pages\/2712"}],"collection":[{"href":"https:\/\/www.meliefanimalsanctuary.org\/de\/wp-json\/wp\/v2\/pages"}],"about":[{"href":"https:\/\/www.meliefanimalsanctuary.org\/de\/wp-json\/wp\/v2\/types\/page"}],"author":[{"embeddable":true,"href":"https:\/\/www.meliefanimalsanctuary.org\/de\/wp-json\/wp\/v2\/users\/1"}],"replies":[{"embeddable":true,"href":"https:\/\/www.meliefanimalsanctuary.org\/de\/wp-json\/wp\/v2\/comments?post=2712"}],"version-history":[{"count":0,"href":"https:\/\/www.meliefanimalsanctuary.org\/de\/wp-json\/wp\/v2\/pages\/2712\/revisions"}],"up":[{"embeddable":true,"href":"https:\/\/www.meliefanimalsanctuary.org\/de\/wp-json\/wp\/v2\/pages\/2710"}],"wp:attachment":[{"href":"https:\/\/www.meliefanimalsanctuary.org\/de\/wp-json\/wp\/v2\/media?parent=2712"}],"curies":[{"name":"wp","href":"https:\/\/api.w.org\/{rel}","templated":true}]}}