{"id":2710,"date":"2017-09-09T21:58:23","date_gmt":"2017-09-09T21:58:23","guid":{"rendered":"https:\/\/melief.treehugger.nl\/?page_id=2710"},"modified":"2018-11-14T19:23:16","modified_gmt":"2018-11-14T19:23:16","slug":"patenschaften","status":"publish","type":"page","link":"https:\/\/www.meliefanimalsanctuary.org\/de\/patenschaften\/","title":{"rendered":"Patenschaften"},"content":{"rendered":"<div class=\"wpb-content-wrapper\"><div data-vc-full-width=\"true\" data-vc-full-width-init=\"false\" data-vc-parallax=\"1.5\" class=\"vc_row wpb_row vc_row-fluid vc_custom_1506868649563 vc_row-has-fill vc_general vc_parallax vc_parallax-content-moving\"><div class=\"wpb_column vc_column_container vc_col-sm-12\"><div class=\"vc_column-inner vc_custom_1505044948600\"><div class=\"wpb_wrapper\"><h1 style=\"color: #ffffff;text-align: center;font-family:Abril Fatface;font-weight:400;font-style:normal\" class=\"vc_custom_heading vc_do_custom_heading white-text wpb_animate_when_almost_visible wpb_fadeIn fadeIn vc_custom_1519122107530\" >Patenschaften<\/h1><\/div><\/div><\/div><\/div><div class=\"vc_row-full-width vc_clearfix\"><\/div><div data-vc-full-width=\"true\" data-vc-full-width-init=\"false\" class=\"vc_row wpb_row vc_row-fluid\"><div class=\"wpb_column vc_column_container vc_col-sm-12\"><div class=\"vc_column-inner vc_custom_1497748856713\"><div class=\"wpb_wrapper\">\n\t<div class=\"wpb_text_column wpb_content_element\" >\n\t\t<div class=\"wpb_wrapper\">\n\t\t\t<h5 style=\"text-align: center;\"><strong>Dies ist nur eine kleine Auswahl der Tiere, die bei uns wohnen. Klicken Sie auf eines der Fotos um die Geschichte des Tieres zu lesen!<\/strong><br \/>\n<strong>Sie k\u00f6nnen f\u00fcr eins oder mehrere Tiere die Patenschaft \u00fcbernehmen. <a href=\"https:\/\/www.meliefanimalsanctuary.org\/de\/patenschaften\/funktioniert-eine-patenschaft\/\">Klicken Sie hier<\/a> um zu lesen, wie das funktioniert.<\/strong><\/h5>\n\n\t\t<\/div>\n\t<\/div>\n<div class=\"adoptionscart\" data-url=\"https:\/\/www.meliefanimalsanctuary.org\/de\/patenschaften\/abrunden\/ \"><div class=\"z-depth-1\"><\/div><\/div>\n<div class=\"vc_grid-container-wrapper vc_clearfix vc_grid-animation-zoomIn\">\n\t<div class=\"vc_grid-container vc_clearfix wpb_content_element vc_masonry_grid\" data-initial-loading-animation=\"zoomIn\" data-vc-grid-settings=\"{&quot;page_id&quot;:2710,&quot;style&quot;:&quot;lazy-masonry&quot;,&quot;action&quot;:&quot;vc_get_vc_grid_data&quot;,&quot;shortcode_id&quot;:&quot;1542223275305-d89aca69-40ee-10&quot;,&quot;items_per_page&quot;:&quot;30&quot;,&quot;tag&quot;:&quot;vc_masonry_grid&quot;}\" data-vc-request=\"https:\/\/www.meliefanimalsanctuary.org\/wp-admin\/admin-ajax.php?lang=de\" data-vc-post-id=\"2710\" data-vc-public-nonce=\"b65ba2e751\">\n\t\t\n\t<\/div>\n<\/div><\/div><\/div><\/div><\/div><div class=\"vc_row-full-width vc_clearfix\"><\/div>\n<\/div>","protected":false},"excerpt":{"rendered":"Patenschaften Dies ist nur eine kleine Auswahl der Tiere, die bei uns wohnen. Klicken Sie auf eines der Fotos um die Geschichte des Tieres zu lesen! Sie k\u00f6nnen f\u00fcr eins oder mehrere Tiere die Patenschaft \u00fcbernehmen. Klicken Sie hier um zu lesen, wie das funktioniert.","protected":false},"author":1,"featured_media":0,"parent":0,"menu_order":0,"comment_status":"closed","ping_status":"closed","template":"","meta":{"wpupg_custom_link":[],"wpupg_custom_link_behaviour":["default"],"wpupg_custom_link_nofollow":[],"wpupg_custom_image":[],"wpupg_custom_image_id":[],"footnotes":""},"class_list":["post-2710","page","type-page","status-publish","hentry"],"_links":{"self":[{"href":"https:\/\/www.meliefanimalsanctuary.org\/de\/wp-json\/wp\/v2\/pages\/2710"}],"collection":[{"href":"https:\/\/www.meliefanimalsanctuary.org\/de\/wp-json\/wp\/v2\/pages"}],"about":[{"href":"https:\/\/www.meliefanimalsanctuary.org\/de\/wp-json\/wp\/v2\/types\/page"}],"author":[{"embeddable":true,"href":"https:\/\/www.meliefanimalsanctuary.org\/de\/wp-json\/wp\/v2\/users\/1"}],"replies":[{"embeddable":true,"href":"https:\/\/www.meliefanimalsanctuary.org\/de\/wp-json\/wp\/v2\/comments?post=2710"}],"version-history":[{"count":0,"href":"https:\/\/www.meliefanimalsanctuary.org\/de\/wp-json\/wp\/v2\/pages\/2710\/revisions"}],"wp:attachment":[{"href":"https:\/\/www.meliefanimalsanctuary.org\/de\/wp-json\/wp\/v2\/media?parent=2710"}],"curies":[{"name":"wp","href":"https:\/\/api.w.org\/{rel}","templated":true}]}}