{"id":11738,"date":"2020-03-02T14:52:56","date_gmt":"2020-03-02T14:52:56","guid":{"rendered":"https:\/\/www.meliefanimalsanctuary.org\/?page_id=11738"},"modified":"2020-03-02T14:52:56","modified_gmt":"2020-03-02T14:52:56","slug":"teaming","status":"publish","type":"page","link":"https:\/\/www.meliefanimalsanctuary.org\/de\/teaming\/","title":{"rendered":"Teaming"},"content":{"rendered":"<div class=\"wpb-content-wrapper\"><section class=\"vc_section vc_custom_1497788839003 vc_section-has-fill vc_section-o-content-bottom vc_section-flex\"><div class=\"vc_row wpb_row vc_row-fluid vc_custom_1497788952790\"><div class=\"wpb_column vc_column_container vc_col-sm-12\"><div class=\"vc_column-inner\"><div class=\"wpb_wrapper\"><h1 style=\"color: #ffffff;text-align: center;font-family:Abril Fatface;font-weight:400;font-style:normal\" class=\"vc_custom_heading vc_do_custom_heading white-text wpb_animate_when_almost_visible wpb_fadeIn fadeIn vc_custom_1497801475651\" >Teaming<\/h1><\/div><\/div><\/div><\/div><\/section><div class=\"vc_row wpb_row vc_row-fluid vc_custom_1497802516828 vc_row-o-equal-height vc_row-flex\"><div class=\"wpb_column vc_column_container vc_col-sm-2\"><div class=\"vc_column-inner vc_custom_1497802320528\"><div class=\"wpb_wrapper\"><\/div><\/div><\/div><div class=\"wpb_column vc_column_container vc_col-sm-8 vc_col-has-fill\"><div class=\"vc_column-inner vc_custom_1497802591719\"><div class=\"wpb_wrapper\"><div class=\"vc_row wpb_row vc_inner vc_row-fluid z-depth-3 z-index-ontop vc_custom_1497802459723\"><div class=\"wpb_column vc_column_container vc_col-sm-9 vc_col-has-fill\"><div class=\"vc_column-inner vc_custom_1497802676479\"><div class=\"wpb_wrapper\">\n\t<div class=\"wpb_text_column wpb_content_element vc_custom_1583160710775\" >\n\t\t<div class=\"wpb_wrapper\">\n\t\t\t<p>Seit Sommer 2019 gibt es eine Spendergruppe f\u00fcr Melief via <a href=\"http:\/\/www.teaming.net\/stichtingmeliefanimalsanctuary\" target=\"_blank\" rel=\"noopener\">Teaming.net<\/a>. Teaming ist ein Online-Tool um mit Hilfe von Mikro-Spenden in H\u00f6he von 1 Euro pro Monat einen guten Zweck zu unterst\u00fctzen. Es folgt der Philosophie, dass wir alleine mit einem Euro im Monat nicht viel ausrichten k\u00f6nnen, aber wenn wir zusammenarbeiten, k\u00f6nnen wir wunderbare Projekte verwirklichen.<\/p>\n<p>Bitte verst\u00e4rkt unser Team! Jeder Euro, der gespendet wird, kommt vollst\u00e4ndig den Tieren bei Melief zugute!<\/p>\n<p>Meldet euch hier an um 1 Euro pro Monat an Melief zu spenden:<br \/>\n<a href=\"http:\/\/www.teaming.net\/stichtingmeliefanimalsanctuary?fbclid=IwAR222ao4S4LNBrSEpwang5Kq0nMOVfuyQfsImE5TF9OImWdt_l8HEUvSBPU\" target=\"_blank\" rel=\"nofollow noopener\" data-lynx-mode=\"hover\" data-lynx-uri=\"https:\/\/l.facebook.com\/l.php?u=http%3A%2F%2Fwww.teaming.net%2Fstichtingmeliefanimalsanctuary%3Ffbclid%3DIwAR222ao4S4LNBrSEpwang5Kq0nMOVfuyQfsImE5TF9OImWdt_l8HEUvSBPU&amp;h=AT1McM5tm794M-ZctmUyRhZX4H8wjprFehHYejMURameASCKQJQkE9BOxrtmUowt1QWNqTpUTL0DTppKQo2AZMlkFcbW04B0rNFW6bHx8p-mQ9-amYGy7vk9rHkZ52DOB4rGYg\">www.teaming.net\/stichtingmeliefanimalsanctuary<\/a><\/p>\n\n\t\t<\/div>\n\t<\/div>\n<\/div><\/div><\/div><div class=\"wpb_column vc_column_container vc_col-sm-3 vc_col-has-fill\"><div class=\"vc_column-inner vc_custom_1497809808555\"><div class=\"wpb_wrapper\">\n\t<div  class=\"wpb_single_image wpb_content_element vc_align_left wpb_content_element\">\n\t\t\n\t\t<figure class=\"wpb_wrapper vc_figure\">\n\t\t\t<div class=\"vc_single_image-wrapper   vc_box_border_grey\"><img loading=\"lazy\" decoding=\"async\" width=\"275\" height=\"183\" src=\"https:\/\/www.meliefanimalsanctuary.org\/wp-content\/uploads\/2020\/03\/download.png\" class=\"vc_single_image-img attachment-medium\" alt=\"\" title=\"download\" srcset=\"https:\/\/www.meliefanimalsanctuary.org\/wp-content\/uploads\/2020\/03\/download.png 275w, https:\/\/www.meliefanimalsanctuary.org\/wp-content\/uploads\/2020\/03\/download-200x133.png 200w\" sizes=\"(max-width: 275px) 100vw, 275px\" \/><\/div>\n\t\t<\/figure>\n\t<\/div>\n<\/div><\/div><\/div><\/div><\/div><\/div><\/div><div class=\"wpb_column vc_column_container vc_col-sm-2\"><div class=\"vc_column-inner\"><div class=\"wpb_wrapper\"><\/div><\/div><\/div><\/div>\n<\/div>","protected":false},"excerpt":{"rendered":"Teaming Seit Sommer 2019 gibt es eine Spendergruppe f\u00fcr Melief via Teaming.net. Teaming ist ein Online-Tool um mit Hilfe von Mikro-Spenden in H\u00f6he von 1 Euro pro Monat einen guten Zweck zu unterst\u00fctzen. Es folgt der Philosophie, dass wir alleine mit einem Euro im Monat nicht viel ausrichten k\u00f6nnen, aber wenn wir zusammenarbeiten, k\u00f6nnen wir [...]","protected":false},"author":4,"featured_media":0,"parent":0,"menu_order":0,"comment_status":"closed","ping_status":"closed","template":"","meta":{"wpupg_custom_link":[],"wpupg_custom_link_behaviour":["default"],"wpupg_custom_link_nofollow":[],"wpupg_custom_image":[],"wpupg_custom_image_id":[],"footnotes":""},"class_list":["post-11738","page","type-page","status-publish","hentry"],"_links":{"self":[{"href":"https:\/\/www.meliefanimalsanctuary.org\/de\/wp-json\/wp\/v2\/pages\/11738"}],"collection":[{"href":"https:\/\/www.meliefanimalsanctuary.org\/de\/wp-json\/wp\/v2\/pages"}],"about":[{"href":"https:\/\/www.meliefanimalsanctuary.org\/de\/wp-json\/wp\/v2\/types\/page"}],"author":[{"embeddable":true,"href":"https:\/\/www.meliefanimalsanctuary.org\/de\/wp-json\/wp\/v2\/users\/4"}],"replies":[{"embeddable":true,"href":"https:\/\/www.meliefanimalsanctuary.org\/de\/wp-json\/wp\/v2\/comments?post=11738"}],"version-history":[{"count":0,"href":"https:\/\/www.meliefanimalsanctuary.org\/de\/wp-json\/wp\/v2\/pages\/11738\/revisions"}],"wp:attachment":[{"href":"https:\/\/www.meliefanimalsanctuary.org\/de\/wp-json\/wp\/v2\/media?parent=11738"}],"curies":[{"name":"wp","href":"https:\/\/api.w.org\/{rel}","templated":true}]}}